{"id":107,"date":"2024-06-01T16:39:15","date_gmt":"2024-06-01T20:39:15","guid":{"rendered":"https:\/\/al-haqiqa.com\/?page_id=107"},"modified":"2025-02-08T21:00:38","modified_gmt":"2025-02-09T02:00:38","slug":"llamada-a-la-accion","status":"publish","type":"page","link":"https:\/\/al-haqiqa.com\/es\/call-to-action\/","title":{"rendered":"Llamamiento a la acci\u00f3n"},"content":{"rendered":"<p class=\"has-text-align-left wp-block-paragraph\">\u00danase a nuestra comunidad y profundice en el conocimiento de la verdad. Interact\u00fae con nuestros contenidos, participe en debates y acceda a una gran cantidad de recursos dise\u00f1ados para equipar e informar.<\/p>\n\n\n\n<div style=\"height:32px\" aria-hidden=\"true\" class=\"wp-block-spacer desktop-only\"><\/div>\n\n\n\n<div class=\"wp-block-columns alignwide has-2-columns is-layout-flex wp-container-core-columns-is-layout-7387b849 wp-block-columns-is-layout-flex\">\n<div class=\"wp-block-column is-layout-flow wp-block-column-is-layout-flow\">\n<h2 class=\"wp-block-heading alignwide has-text-align-center\">Env\u00edenos un mensaje<\/h2>\n\n\n<div class=\"wp-block-jetpack-contact-form is-layout-flex wp-container-jetpack-contact-form-is-layout-b9bba262 wp-block-jetpack-contact-form-is-layout-flex\"><a href=\"https:\/\/al-haqiqa.com\/es\/call-to-action\/\" target=\"_blank\" rel=\"noopener noreferrer\">Env\u00eda un formulario.<\/a><\/div><\/div>\n<\/div>","protected":false},"excerpt":{"rendered":"<p>\u00danase a nuestra comunidad y profundice en el conocimiento de la verdad. Interact\u00fae con nuestro contenido, participe en debates y acceda a una gran cantidad de recursos dise\u00f1ados para equipar e informar. Env\u00edenos un mensaje<\/p>","protected":false},"author":236231845,"featured_media":0,"parent":0,"menu_order":1,"comment_status":"open","ping_status":"closed","template":"","meta":{"_crdt_document":"","_monsterinsights_skip_tracking":false,"_monsterinsights_sitenote_active":false,"_monsterinsights_sitenote_note":"","_monsterinsights_sitenote_category":0,"_uf_show_specific_survey":0,"_uf_disable_surveys":false,"advanced_seo_description":"","jetpack_seo_html_title":"","jetpack_seo_noindex":false,"footnotes":""},"class_list":["post-107","page","type-page","status-publish","hentry","entry"],"jetpack_likes_enabled":true,"jetpack_sharing_enabled":true,"jetpack_shortlink":"https:\/\/wp.me\/PeSSf1-1J","jetpack-related-posts":[],"_links":{"self":[{"href":"https:\/\/al-haqiqa.com\/es\/wp-json\/wp\/v2\/pages\/107","targetHints":{"allow":["GET"]}}],"collection":[{"href":"https:\/\/al-haqiqa.com\/es\/wp-json\/wp\/v2\/pages"}],"about":[{"href":"https:\/\/al-haqiqa.com\/es\/wp-json\/wp\/v2\/types\/page"}],"author":[{"embeddable":true,"href":"https:\/\/al-haqiqa.com\/es\/wp-json\/wp\/v2\/users\/236231845"}],"replies":[{"embeddable":true,"href":"https:\/\/al-haqiqa.com\/es\/wp-json\/wp\/v2\/comments?post=107"}],"version-history":[{"count":3,"href":"https:\/\/al-haqiqa.com\/es\/wp-json\/wp\/v2\/pages\/107\/revisions"}],"predecessor-version":[{"id":370,"href":"https:\/\/al-haqiqa.com\/es\/wp-json\/wp\/v2\/pages\/107\/revisions\/370"}],"wp:attachment":[{"href":"https:\/\/al-haqiqa.com\/es\/wp-json\/wp\/v2\/media?parent=107"}],"curies":[{"name":"wp","href":"https:\/\/api.w.org\/{rel}","templated":true}]}}