{"id":77,"date":"2024-06-01T12:20:41","date_gmt":"2024-06-01T16:20:41","guid":{"rendered":"https:\/\/al-haqiqa.com\/?page_id=77"},"modified":"2025-02-08T21:00:38","modified_gmt":"2025-02-09T02:00:38","slug":"la-verdad-sobre-el-coran","status":"publish","type":"page","link":"https:\/\/al-haqiqa.com\/es\/the-truth-about-the-quran\/","title":{"rendered":"La verdad sobre el Cor\u00e1n"},"content":{"rendered":"<div class=\"wp-block-group alignfull is-content-justification-center\" style=\"margin-top:0;margin-bottom:0;padding-top:calc( 0.5 * var(--wp--style--root--padding-right, var(--wp--custom--gap--horizontal)));padding-right:var(--wp--style--root--padding-right, var(--wp--custom--gap--horizontal));padding-bottom:calc( 0.5 * var(--wp--style--root--padding-right, var(--wp--custom--gap--horizontal)));padding-left:var(--wp--style--root--padding-left, var(--wp--custom--gap--horizontal))\"><div class=\"wp-block-group__inner-container is-layout-constrained wp-container-core-group-is-layout-81aa85af wp-block-group-is-layout-constrained\">\n<div style=\"height:calc( 0.25 * var(--wp--style--root--padding-right, var(--wp--custom--gap--horizontal)))\" aria-hidden=\"true\" class=\"wp-block-spacer\"><\/div>\n\n\n\n<p class=\"has-text-align-center wp-block-paragraph\">Los musulmanes veneran el Cor\u00e1n como la revelaci\u00f3n final de Al\u00e1, transmitida a trav\u00e9s del profeta Mahoma. Esta secci\u00f3n examina cr\u00edticamente los or\u00edgenes, la compilaci\u00f3n y la integridad textual del Cor\u00e1n. Se abordan cuestiones comunes sobre su contexto hist\u00f3rico, sus fuentes y las afirmaciones sobre su origen divino. Pretendemos ofrecer una perspectiva equilibrada y erudita del Cor\u00e1n, destacando los puntos de coincidencia y divergencia con la Biblia.<\/p>\n\n\n\n<div style=\"height:calc( 0.25 * var(--wp--style--root--padding-right, var(--wp--custom--gap--horizontal)))\" aria-hidden=\"true\" class=\"wp-block-spacer\"><\/div>\n<\/div><\/div>\n\n\n\n<div class=\"wp-block-group alignfull is-content-justification-center\" style=\"margin-top:0;margin-bottom:0;padding-top:calc( 0.5 * var(--wp--style--root--padding-right, var(--wp--custom--gap--horizontal)));padding-right:var(--wp--style--root--padding-right, var(--wp--custom--gap--horizontal));padding-bottom:calc( 0.5 * var(--wp--style--root--padding-right, var(--wp--custom--gap--horizontal)));padding-left:var(--wp--style--root--padding-left, var(--wp--custom--gap--horizontal))\"><div class=\"wp-block-group__inner-container is-layout-constrained wp-container-core-group-is-layout-81aa85af wp-block-group-is-layout-constrained\">\n<div style=\"height:calc( 0.25 * var(--wp--style--root--padding-right, var(--wp--custom--gap--horizontal)))\" aria-hidden=\"true\" class=\"wp-block-spacer\"><\/div>\n\n\n\n<div class=\"wp-block-columns alignwide is-layout-flex wp-container-core-columns-is-layout-d4896c81 wp-block-columns-is-layout-flex\">\n<div class=\"wp-block-column is-layout-flow wp-block-column-is-layout-flow\">\n<h3 class=\"wp-block-heading has-text-align-center has-medium-font-size\"><strong><a href=\"https:\/\/wordpress.com\/post\/alhaqiqa3.wordpress.com\/188\">El Cor\u00e1n confirma las revelaciones anteriores<\/a><\/strong><\/h3>\n\n\n\n<p class=\"has-text-align-center wp-block-paragraph\">El Cor\u00e1n hace referencia a escrituras anteriores, afirmando su origen divino y su continuidad en la l\u00ednea de revelaci\u00f3n de Dios. Comprender estas afirmaciones es crucial para el di\u00e1logo interreligioso y el discurso teol\u00f3gico, pues ponen de relieve el reconocimiento que el Cor\u00e1n hace de la Tor\u00e1, el Evangelio (Injil) y los Salmos....<\/p>\n<\/div>\n\n\n\n<div class=\"wp-block-column is-layout-flow wp-block-column-is-layout-flow\">\n<h3 class=\"wp-block-heading has-text-align-center has-medium-font-size\"><strong><a href=\"https:\/\/wordpress.com\/post\/alhaqiqa3.wordpress.com\/192\">\u00bfSe ha corrompido el mensaje del Injil y la Tor\u00e1?<\/a><\/strong><\/h3>\n\n\n\n<p class=\"has-text-align-center wp-block-paragraph\">La cuesti\u00f3n de si el Injil (Evangelio) y la Tor\u00e1 (Ley) se han corrompido o perdido es un importante problema teol\u00f3gico. Muchos musulmanes afirman que las escrituras anteriores han sufrido distorsiones, pero un examen cr\u00edtico del Cor\u00e1n revela una perspectiva matizada que sugiere lo contrario.<\/p>\n<\/div>\n\n\n\n<div class=\"wp-block-column is-layout-flow wp-block-column-is-layout-flow\">\n<h3 class=\"wp-block-heading has-text-align-center has-medium-font-size\"><strong><a href=\"https:\/\/wordpress.com\/post\/alhaqiqa3.wordpress.com\/197\">\u00bfCu\u00e1l era el mensaje de Jes\u00fas seg\u00fan el Cor\u00e1n?<\/a><\/strong><\/h3>\n\n\n\n<p class=\"has-text-align-center wp-block-paragraph\">Los musulmanes suelen afirmar que Jes\u00fas predic\u00f3 el islam, aunque a menudo creen que su mensaje no tuvo un \u00e9xito duradero, ya que se corrompi\u00f3 r\u00e1pidamente. Sin embargo, esta interpretaci\u00f3n contradice el relato cor\u00e1nico. Examinemos los vers\u00edculos pertinentes para comprender mejor esta perspectiva.<\/p>\n<\/div>\n<\/div>\n\n\n\n<div style=\"height:calc( 0.25 * var(--wp--style--root--padding-right, var(--wp--custom--gap--horizontal)))\" aria-hidden=\"true\" class=\"wp-block-spacer\"><\/div>\n<\/div><\/div>\n\n\n\n<div class=\"wp-block-group alignfull is-content-justification-center\" style=\"margin-top:0;margin-bottom:0;padding-top:calc( 0.5 * var(--wp--style--root--padding-right, var(--wp--custom--gap--horizontal)));padding-right:var(--wp--style--root--padding-right, var(--wp--custom--gap--horizontal));padding-bottom:calc( 0.5 * var(--wp--style--root--padding-right, var(--wp--custom--gap--horizontal)));padding-left:var(--wp--style--root--padding-left, var(--wp--custom--gap--horizontal))\"><div class=\"wp-block-group__inner-container is-layout-constrained wp-container-core-group-is-layout-81aa85af wp-block-group-is-layout-constrained\">\n<div style=\"height:calc( 0.25 * var(--wp--style--root--padding-right, var(--wp--custom--gap--horizontal)))\" aria-hidden=\"true\" class=\"wp-block-spacer\"><\/div>\n\n\n\n<div class=\"wp-block-columns alignwide is-layout-flex wp-container-core-columns-is-layout-d4896c81 wp-block-columns-is-layout-flex\">\n<div class=\"wp-block-column is-layout-flow wp-block-column-is-layout-flow\">\n<h3 class=\"wp-block-heading has-text-align-center has-medium-font-size\"><strong><a href=\"https:\/\/wordpress.com\/post\/alhaqiqa3.wordpress.com\/203\">\u00bfPuede alguien alterar las palabras de Al\u00e1?<\/a><\/strong><\/h3>\n\n\n\n<p class=\"has-text-align-center wp-block-paragraph\">El Cor\u00e1n afirma inequ\u00edvocamente en varias ocasiones que nadie puede alterar o cambiar las palabras de Al\u00e1 y que Al\u00e1 mismo preserva y protege Sus palabras. Esta afirmaci\u00f3n se repite en varios surahs, subrayando la protecci\u00f3n divina sobre el texto revelado.<\/p>\n<\/div>\n\n\n\n<div class=\"wp-block-column is-layout-flow wp-block-column-is-layout-flow\">\n<h3 class=\"wp-block-heading has-text-align-center has-medium-font-size\"><a href=\"https:\/\/wordpress.com\/post\/alhaqiqa3.wordpress.com\/209\">Examinar la perfecci\u00f3n del Cor\u00e1n<\/a><\/h3>\n\n\n\n<p class=\"has-text-align-center wp-block-paragraph\">Una de las principales objeciones planteadas por los musulmanes contra el cristianismo es la creencia de que la Biblia ha sido alterada y corrompida a lo largo del tiempo, mientras que el Cor\u00e1n, en su \u00e1rabe original, sigue siendo las palabras exactas entregadas a Mahoma hace catorce siglos. Esta creencia merece un examen exhaustivo e imparcial para evaluar su validez.<\/p>\n<\/div>\n\n\n\n<div class=\"wp-block-column is-layout-flow wp-block-column-is-layout-flow\">\n<h3 class=\"wp-block-heading has-text-align-center has-medium-font-size\"><a href=\"https:\/\/wordpress.com\/post\/alhaqiqa3.wordpress.com\/212\">Profec\u00edas de Mahoma en las Escrituras anteriores<\/a><\/h3>\n\n\n\n<p class=\"wp-block-paragraph\">El Cor\u00e1n afirma que el advenimiento de Mahoma fue predicho en escrituras anteriores, lo que subraya la continuidad de la tradici\u00f3n prof\u00e9tica. La sura Al-Araf 7:157 afirma: \"Los que siguen al Mensajero, el Profeta iletrado, a quien encuentran escrito en lo que tienen de la Tor\u00e1 y el Evangelio...<\/p>\n<\/div>\n<\/div>\n\n\n\n<div style=\"height:calc( 0.25 * var(--wp--style--root--padding-right, var(--wp--custom--gap--horizontal)))\" aria-hidden=\"true\" class=\"wp-block-spacer\"><\/div>\n<\/div><\/div>\n\n\n\n<div class=\"wp-block-group alignfull is-content-justification-center\" style=\"margin-top:0;margin-bottom:0;padding-top:calc( 0.5 * var(--wp--style--root--padding-right, var(--wp--custom--gap--horizontal)));padding-right:var(--wp--style--root--padding-right, var(--wp--custom--gap--horizontal));padding-bottom:calc( 0.5 * var(--wp--style--root--padding-right, var(--wp--custom--gap--horizontal)));padding-left:var(--wp--style--root--padding-left, var(--wp--custom--gap--horizontal))\"><div class=\"wp-block-group__inner-container is-layout-constrained wp-container-core-group-is-layout-81aa85af wp-block-group-is-layout-constrained\">\n<div style=\"height:calc( 0.25 * var(--wp--style--root--padding-right, var(--wp--custom--gap--horizontal)))\" aria-hidden=\"true\" class=\"wp-block-spacer\"><\/div>\n\n\n\n<div class=\"wp-block-columns alignwide is-layout-flex wp-container-core-columns-is-layout-d4896c81 wp-block-columns-is-layout-flex\">\n<div class=\"wp-block-column is-layout-flow wp-block-column-is-layout-flow\">\n<h3 class=\"wp-block-heading has-text-align-center has-medium-font-size\"><strong><a href=\"https:\/\/al-haqiqa.com\/es\/2024\/06\/07\/el-modo-de-inspiracion-en-el-coran\/\" data-type=\"post\" data-id=\"389\">El modo de inspiraci\u00f3n en el Cor\u00e1n<\/a><\/strong><\/h3>\n\n\n\n<p class=\"has-text-align-center wp-block-paragraph\">El concepto de inspiraci\u00f3n en el Cor\u00e1n se entiende fundamentalmente como dictado divino. El Cor\u00e1n, compuesto por 114 surahs, representa distintas unidades de comunicaci\u00f3n divina, que se cree fueron \"enviadas\" por Al\u00e1 al Profeta del Islam, Mahoma.<\/p>\n<\/div>\n\n\n\n<div class=\"wp-block-column is-layout-flow wp-block-column-is-layout-flow\">\n<h3 class=\"wp-block-heading has-text-align-center has-medium-font-size\"><strong><a href=\"https:\/\/al-haqiqa.com\/es\/2024\/06\/07\/compilacion-y-conservacion-del-coran\/\" data-type=\"post\" data-id=\"394\">Recopilaci\u00f3n y conservaci\u00f3n del Cor\u00e1n<\/a><\/strong><\/h3>\n\n\n\n<p class=\"has-text-align-center wp-block-paragraph\">El Cor\u00e1n se considera la revelaci\u00f3n final y m\u00e1s importante del Islam. Comprender su compilaci\u00f3n y conservaci\u00f3n es crucial para evaluar su integridad hist\u00f3rica. Examinemos el proceso hist\u00f3rico por el que se compil\u00f3 el Cor\u00e1n y las pruebas que avalan su coherencia textual.<\/p>\n<\/div>\n\n\n\n<div class=\"wp-block-column is-layout-flow wp-block-column-is-layout-flow\">\n<h3 class=\"wp-block-heading has-text-align-center has-medium-font-size\"><strong><a href=\"https:\/\/al-haqiqa.com\/es\/2024\/06\/07\/las-diferentes-lecturas-qiraat-del-coran\/\" data-type=\"post\" data-id=\"397\">Las diferentes lecturas (Qira'at) del Cor\u00e1n<\/a><\/strong><\/h3>\n\n\n\n<p class=\"wp-block-paragraph\">El Cor\u00e1n, considerado por los musulmanes como la palabra literal de Dios revelada al profeta del Islam, Mahoma, es un texto de inmensa importancia religiosa y cultural. La noci\u00f3n de que el Cor\u00e1n se ha conservado en su forma original, sin alteraciones, es fundamental para las creencias isl\u00e1micas.\u00a0<\/p>\n<\/div>\n<\/div>\n\n\n\n<div style=\"height:calc( 0.25 * var(--wp--style--root--padding-right, var(--wp--custom--gap--horizontal)))\" aria-hidden=\"true\" class=\"wp-block-spacer\"><\/div>\n<\/div><\/div>\n\n\n\n<p class=\"wp-block-paragraph\"><\/p>","protected":false},"excerpt":{"rendered":"<p>Muslims revere the Qur\u2019an as the final revelation from Allah, delivered through the Prophet Muhammad. This section critically examines the Qur&#8217;an&#8217;s origins, compilation, and textual integrity. We address common questions about its historical context, sources, and claims of its divine origin. We aim to provide a balanced and scholarly perspective on the Qur\u2019an, highlighting areas<a class=\"more-link\" href=\"https:\/\/al-haqiqa.com\/es\/the-truth-about-the-quran\/\">Seguir leyendo <span class=\"screen-reader-text\">&#8220;The Truth About the Qur&#8217;an&#8221;<\/span><\/a><\/p>","protected":false},"author":236231845,"featured_media":0,"parent":0,"menu_order":0,"comment_status":"open","ping_status":"closed","template":"","meta":{"_crdt_document":"","_monsterinsights_skip_tracking":false,"_monsterinsights_sitenote_active":false,"_monsterinsights_sitenote_note":"","_monsterinsights_sitenote_category":0,"_uf_show_specific_survey":0,"_uf_disable_surveys":false,"advanced_seo_description":"","jetpack_seo_html_title":"","jetpack_seo_noindex":false,"footnotes":""},"class_list":["post-77","page","type-page","status-publish","hentry","entry"],"jetpack_likes_enabled":true,"jetpack_sharing_enabled":true,"jetpack_shortlink":"https:\/\/wp.me\/PeSSf1-1f","jetpack-related-posts":[],"_links":{"self":[{"href":"https:\/\/al-haqiqa.com\/es\/wp-json\/wp\/v2\/pages\/77","targetHints":{"allow":["GET"]}}],"collection":[{"href":"https:\/\/al-haqiqa.com\/es\/wp-json\/wp\/v2\/pages"}],"about":[{"href":"https:\/\/al-haqiqa.com\/es\/wp-json\/wp\/v2\/types\/page"}],"author":[{"embeddable":true,"href":"https:\/\/al-haqiqa.com\/es\/wp-json\/wp\/v2\/users\/236231845"}],"replies":[{"embeddable":true,"href":"https:\/\/al-haqiqa.com\/es\/wp-json\/wp\/v2\/comments?post=77"}],"version-history":[{"count":19,"href":"https:\/\/al-haqiqa.com\/es\/wp-json\/wp\/v2\/pages\/77\/revisions"}],"predecessor-version":[{"id":399,"href":"https:\/\/al-haqiqa.com\/es\/wp-json\/wp\/v2\/pages\/77\/revisions\/399"}],"wp:attachment":[{"href":"https:\/\/al-haqiqa.com\/es\/wp-json\/wp\/v2\/media?parent=77"}],"curies":[{"name":"wp","href":"https:\/\/api.w.org\/{rel}","templated":true}]}}