{"id":49,"date":"2024-06-01T12:48:30","date_gmt":"2024-06-01T16:48:30","guid":{"rendered":"https:\/\/al-haqiqa.com\/about\/"},"modified":"2025-02-08T20:59:40","modified_gmt":"2025-02-09T01:59:40","slug":"a-propos-de","status":"publish","type":"page","link":"https:\/\/al-haqiqa.com\/fr\/about\/","title":{"rendered":"A propos de"},"content":{"rendered":"<h3 class=\"wp-block-heading\"><strong>Notre mission<\/strong><\/h3>\n\n\n\n<p class=\"wp-block-paragraph\">\u00c0 Al-Haqiqa, notre mission est de fournir une comparaison respectueuse et \u00e9rudite de la Bible et du Coran. Nous visons \u00e0 soutenir les croyants dans leur foi et \u00e0 offrir des ressources \u00e0 ceux qui cherchent des r\u00e9ponses aux questions les plus profondes de la vie.<\/p>\n\n\n\n<h3 class=\"wp-block-heading\"><strong>Notre \u00e9quipe<\/strong><\/h3>\n\n\n\n<p class=\"wp-block-paragraph\">Nous sommes un groupe diversifi\u00e9 d'\u00e9rudits, d'\u00e9crivains et de chercheurs qui se consacrent \u00e0 la v\u00e9rit\u00e9 et au dialogue respectueux. Nous comptons parmi nos contributeurs des experts en th\u00e9ologie, en histoire et en apolog\u00e9tique, qui s'engagent tous \u00e0 pr\u00e9senter un contenu bien document\u00e9 et convaincant.<\/p>\n\n\n\n<h3 class=\"wp-block-heading\">Notre approche<\/h3>\n\n\n\n<p class=\"wp-block-paragraph\">Nous croyons au pouvoir de la v\u00e9rit\u00e9 et de la raison. Nos articles font l'objet de recherches approfondies et proviennent de travaux universitaires cr\u00e9dibles et d'\u00e9rudits respect\u00e9s. Nous abordons les sujets sensibles avec respect et cherchons \u00e0 favoriser la compr\u00e9hension et le dialogue.<\/p>\n\n\n\n<div style=\"height:32px\" aria-hidden=\"true\" class=\"wp-block-spacer desktop-only\"><\/div>\n\n\n\n<h3 class=\"wp-block-heading has-text-align-center\">T\u00e9moignages<\/h3>\n\n\n\n<div class=\"wp-block-columns alignwide has-3-columns is-layout-flex wp-container-core-columns-is-layout-7387b849 wp-block-columns-is-layout-flex\">\n<div class=\"wp-block-column is-layout-flow wp-block-column-is-layout-flow\">\n<blockquote class=\"wp-block-quote is-layout-flow wp-block-quote-is-layout-flow\">\n<p class=\"wp-block-paragraph\">Mustafa a grandi dans une famille musulmane pratiquante, mais il s'est toujours pos\u00e9 des questions sur sa foi. Son cheminement vers le christianisme a commenc\u00e9 lorsqu'il a rencontr\u00e9 un ami chr\u00e9tien qui a patiemment r\u00e9pondu \u00e0 ses questions et lui a fait d\u00e9couvrir la Bible. En lisant le Nouveau Testament, Mustafa a trouv\u00e9 les r\u00e9ponses qu'il cherchait et a embrass\u00e9 J\u00e9sus comme son Sauveur.<\/p>\n<\/blockquote>\n<\/div>\n\n\n\n<div class=\"wp-block-column is-layout-flow wp-block-column-is-layout-flow\">\n<blockquote class=\"wp-block-quote is-layout-flow wp-block-quote-is-layout-flow\">\n<p class=\"wp-block-paragraph\">Lorsque Aisha s'est convertie au christianisme, elle a d\u00fb faire face \u00e0 d'\u00e9normes pressions et \u00e0 l'opposition de sa famille et de sa communaut\u00e9. Son histoire est celle du courage et de la pers\u00e9v\u00e9rance. Aisha a trouv\u00e9 la paix et l'\u00e9panouissement dans sa nouvelle foi et s'efforce aujourd'hui de soutenir d'autres convertis confront\u00e9s \u00e0 des d\u00e9fis similaires.<\/p>\n<\/blockquote>\n<\/div>\n\n\n\n<div class=\"wp-block-column is-layout-flow wp-block-column-is-layout-flow\">\n<blockquote class=\"wp-block-quote is-layout-flow wp-block-quote-is-layout-flow\">\n<p class=\"wp-block-paragraph\">Ahmed \u00e9tait un \u00e9rudit de l'Islam qui avait entrepris de r\u00e9futer le christianisme. Au lieu de cela, son \u00e9tude approfondie l'a amen\u00e9 \u00e0 d\u00e9couvrir la fiabilit\u00e9 historique et la v\u00e9rit\u00e9 de la Bible. L'histoire de la conversion d'Ahmad est un t\u00e9moignage de la puissance de l'honn\u00eatet\u00e9 intellectuelle et spirituelle.<\/p>\n<\/blockquote>\n<\/div>\n<\/div>\n\n\n\n<div style=\"height:32px\" aria-hidden=\"true\" class=\"wp-block-spacer desktop-only\"><\/div>\n\n\n\n<hr class=\"wp-block-separator has-css-opacity is-style-wide\"\/>\n\n\n\n<div style=\"height:32px\" aria-hidden=\"true\" class=\"wp-block-spacer desktop-only\"><\/div>\n\n\n\n<h4 class=\"wp-block-heading has-text-align-center\">Rejoignez notre communaut\u00e9 et approfondissez votre compr\u00e9hension de la v\u00e9rit\u00e9. Consultez notre contenu, participez aux discussions et acc\u00e9dez \u00e0 une multitude de ressources con\u00e7ues pour vous \u00e9quiper et vous informer.<\/h4>\n\n\n\n<div class=\"wp-block-button aligncenter\"><a class=\"wp-block-button__link wp-element-button\" href=\"https:\/\/al-haqiqa.com\/fr\/call-to-action\/\">Prenez contact avec nous !<\/a><\/div>\n\n\n\n<div style=\"height:32px\" aria-hidden=\"true\" class=\"wp-block-spacer desktop-only\"><\/div>\n\n\n\n<hr class=\"wp-block-separator has-css-opacity is-style-wide\"\/>\n\n\n\n<div style=\"height:32px\" aria-hidden=\"true\" class=\"wp-block-spacer\"><\/div>\n\n\n\n<p class=\"wp-block-paragraph\"><\/p>","protected":false},"excerpt":{"rendered":"<p>Our Mission At Al-Haqiqa, our mission is to provide a respectful and scholarly comparison of the Bible and the Qur&#8217;an. We aim to support believers in their faith and offer resources for those seeking answers to life&#8217;s most profound questions. Our Team We are a diverse group of scholars, writers, and researchers dedicated to truth<a class=\"more-link\" href=\"https:\/\/al-haqiqa.com\/fr\/about\/\">Lire la suite <span class=\"screen-reader-text\">&#8220;About&#8221;<\/span><\/a><\/p>","protected":false},"author":236231845,"featured_media":0,"parent":0,"menu_order":1,"comment_status":"closed","ping_status":"closed","template":"","meta":{"_crdt_document":"","_monsterinsights_skip_tracking":false,"_monsterinsights_sitenote_active":false,"_monsterinsights_sitenote_note":"","_monsterinsights_sitenote_category":0,"_uf_show_specific_survey":0,"_uf_disable_surveys":false,"advanced_seo_description":"","jetpack_seo_html_title":"","jetpack_seo_noindex":false,"jetpack_post_was_ever_published":false,"footnotes":""},"class_list":["post-49","page","type-page","status-publish","hentry","entry"],"jetpack_likes_enabled":true,"jetpack_sharing_enabled":true,"jetpack_shortlink":"https:\/\/wp.me\/PeSSf1-N","jetpack-related-posts":[],"_links":{"self":[{"href":"https:\/\/al-haqiqa.com\/fr\/wp-json\/wp\/v2\/pages\/49","targetHints":{"allow":["GET"]}}],"collection":[{"href":"https:\/\/al-haqiqa.com\/fr\/wp-json\/wp\/v2\/pages"}],"about":[{"href":"https:\/\/al-haqiqa.com\/fr\/wp-json\/wp\/v2\/types\/page"}],"author":[{"embeddable":true,"href":"https:\/\/al-haqiqa.com\/fr\/wp-json\/wp\/v2\/users\/236231845"}],"replies":[{"embeddable":true,"href":"https:\/\/al-haqiqa.com\/fr\/wp-json\/wp\/v2\/comments?post=49"}],"version-history":[{"count":11,"href":"https:\/\/al-haqiqa.com\/fr\/wp-json\/wp\/v2\/pages\/49\/revisions"}],"predecessor-version":[{"id":334,"href":"https:\/\/al-haqiqa.com\/fr\/wp-json\/wp\/v2\/pages\/49\/revisions\/334"}],"wp:attachment":[{"href":"https:\/\/al-haqiqa.com\/fr\/wp-json\/wp\/v2\/media?parent=49"}],"curies":[{"name":"wp","href":"https:\/\/api.w.org\/{rel}","templated":true}]}}