{"id":77,"date":"2024-06-01T12:20:41","date_gmt":"2024-06-01T16:20:41","guid":{"rendered":"https:\/\/al-haqiqa.com\/?page_id=77"},"modified":"2025-02-08T21:00:38","modified_gmt":"2025-02-09T02:00:38","slug":"la-verite-sur-le-coran","status":"publish","type":"page","link":"https:\/\/al-haqiqa.com\/fr\/the-truth-about-the-quran\/","title":{"rendered":"La v\u00e9rit\u00e9 sur le Coran"},"content":{"rendered":"<div class=\"wp-block-group alignfull is-content-justification-center\" style=\"margin-top:0;margin-bottom:0;padding-top:calc( 0.5 * var(--wp--style--root--padding-right, var(--wp--custom--gap--horizontal)));padding-right:var(--wp--style--root--padding-right, var(--wp--custom--gap--horizontal));padding-bottom:calc( 0.5 * var(--wp--style--root--padding-right, var(--wp--custom--gap--horizontal)));padding-left:var(--wp--style--root--padding-left, var(--wp--custom--gap--horizontal))\"><div class=\"wp-block-group__inner-container is-layout-constrained wp-container-core-group-is-layout-81aa85af wp-block-group-is-layout-constrained\">\n<div style=\"height:calc( 0.25 * var(--wp--style--root--padding-right, var(--wp--custom--gap--horizontal)))\" aria-hidden=\"true\" class=\"wp-block-spacer\"><\/div>\n\n\n\n<p class=\"has-text-align-center wp-block-paragraph\">Les musulmans r\u00e9v\u00e8rent le Coran comme la derni\u00e8re r\u00e9v\u00e9lation d'Allah, d\u00e9livr\u00e9e par l'interm\u00e9diaire du proph\u00e8te Mahomet. Cette section examine de mani\u00e8re critique les origines du Coran, sa compilation et son int\u00e9grit\u00e9 textuelle. Nous r\u00e9pondons aux questions les plus courantes concernant le contexte historique, les sources et les affirmations sur l'origine divine du Coran. Nous nous effor\u00e7ons d'offrir une perspective \u00e9quilibr\u00e9e et \u00e9rudite sur le Coran, en soulignant les points d'accord et de divergence avec la Bible.<\/p>\n\n\n\n<div style=\"height:calc( 0.25 * var(--wp--style--root--padding-right, var(--wp--custom--gap--horizontal)))\" aria-hidden=\"true\" class=\"wp-block-spacer\"><\/div>\n<\/div><\/div>\n\n\n\n<div class=\"wp-block-group alignfull is-content-justification-center\" style=\"margin-top:0;margin-bottom:0;padding-top:calc( 0.5 * var(--wp--style--root--padding-right, var(--wp--custom--gap--horizontal)));padding-right:var(--wp--style--root--padding-right, var(--wp--custom--gap--horizontal));padding-bottom:calc( 0.5 * var(--wp--style--root--padding-right, var(--wp--custom--gap--horizontal)));padding-left:var(--wp--style--root--padding-left, var(--wp--custom--gap--horizontal))\"><div class=\"wp-block-group__inner-container is-layout-constrained wp-container-core-group-is-layout-81aa85af wp-block-group-is-layout-constrained\">\n<div style=\"height:calc( 0.25 * var(--wp--style--root--padding-right, var(--wp--custom--gap--horizontal)))\" aria-hidden=\"true\" class=\"wp-block-spacer\"><\/div>\n\n\n\n<div class=\"wp-block-columns alignwide is-layout-flex wp-container-core-columns-is-layout-d4896c81 wp-block-columns-is-layout-flex\">\n<div class=\"wp-block-column is-layout-flow wp-block-column-is-layout-flow\">\n<h3 class=\"wp-block-heading has-text-align-center has-medium-font-size\"><strong><a href=\"https:\/\/wordpress.com\/post\/alhaqiqa3.wordpress.com\/188\">Affirmation par le Coran des r\u00e9v\u00e9lations ant\u00e9rieures<\/a><\/strong><\/h3>\n\n\n\n<p class=\"has-text-align-center wp-block-paragraph\">Le Coran fait r\u00e9f\u00e9rence aux \u00e9critures ant\u00e9rieures, affirmant leur origine divine et leur continuit\u00e9 dans la ligne de la r\u00e9v\u00e9lation de Dieu. La compr\u00e9hension de ces affirmations est cruciale pour le dialogue interreligieux et le discours th\u00e9ologique, car elles mettent en \u00e9vidence la reconnaissance par le Coran de la Torah, de l'\u00c9vangile (Injil) et des Psaumes...<\/p>\n<\/div>\n\n\n\n<div class=\"wp-block-column is-layout-flow wp-block-column-is-layout-flow\">\n<h3 class=\"wp-block-heading has-text-align-center has-medium-font-size\"><strong><a href=\"https:\/\/wordpress.com\/post\/alhaqiqa3.wordpress.com\/192\">Le message de l'Injil et de la Torah a-t-il \u00e9t\u00e9 corrompu ?<\/a><\/strong><\/h3>\n\n\n\n<p class=\"has-text-align-center wp-block-paragraph\">La question de savoir si l'Injil (l'\u00c9vangile) et la Torah (la Loi) ont \u00e9t\u00e9 corrompus ou perdus est une question th\u00e9ologique importante. De nombreux musulmans affirment que les \u00e9critures ant\u00e9rieures ont \u00e9t\u00e9 d\u00e9form\u00e9es, alors qu'un examen critique du Coran r\u00e9v\u00e8le une perspective nuanc\u00e9e qui sugg\u00e8re le contraire.<\/p>\n<\/div>\n\n\n\n<div class=\"wp-block-column is-layout-flow wp-block-column-is-layout-flow\">\n<h3 class=\"wp-block-heading has-text-align-center has-medium-font-size\"><strong><a href=\"https:\/\/wordpress.com\/post\/alhaqiqa3.wordpress.com\/197\">Quel \u00e9tait le message de J\u00e9sus selon le Coran ?<\/a><\/strong><\/h3>\n\n\n\n<p class=\"has-text-align-center wp-block-paragraph\">Les musulmans affirment g\u00e9n\u00e9ralement que J\u00e9sus a pr\u00each\u00e9 l'islam, mais ils pensent souvent que son message n'a pas eu de succ\u00e8s durable car il a \u00e9t\u00e9 rapidement corrompu. Cette interpr\u00e9tation est toutefois en contradiction avec le r\u00e9cit coranique. Examinons les versets pertinents pour mieux comprendre cette perspective.<\/p>\n<\/div>\n<\/div>\n\n\n\n<div style=\"height:calc( 0.25 * var(--wp--style--root--padding-right, var(--wp--custom--gap--horizontal)))\" aria-hidden=\"true\" class=\"wp-block-spacer\"><\/div>\n<\/div><\/div>\n\n\n\n<div class=\"wp-block-group alignfull is-content-justification-center\" style=\"margin-top:0;margin-bottom:0;padding-top:calc( 0.5 * var(--wp--style--root--padding-right, var(--wp--custom--gap--horizontal)));padding-right:var(--wp--style--root--padding-right, var(--wp--custom--gap--horizontal));padding-bottom:calc( 0.5 * var(--wp--style--root--padding-right, var(--wp--custom--gap--horizontal)));padding-left:var(--wp--style--root--padding-left, var(--wp--custom--gap--horizontal))\"><div class=\"wp-block-group__inner-container is-layout-constrained wp-container-core-group-is-layout-81aa85af wp-block-group-is-layout-constrained\">\n<div style=\"height:calc( 0.25 * var(--wp--style--root--padding-right, var(--wp--custom--gap--horizontal)))\" aria-hidden=\"true\" class=\"wp-block-spacer\"><\/div>\n\n\n\n<div class=\"wp-block-columns alignwide is-layout-flex wp-container-core-columns-is-layout-d4896c81 wp-block-columns-is-layout-flex\">\n<div class=\"wp-block-column is-layout-flow wp-block-column-is-layout-flow\">\n<h3 class=\"wp-block-heading has-text-align-center has-medium-font-size\"><strong><a href=\"https:\/\/wordpress.com\/post\/alhaqiqa3.wordpress.com\/203\">Peut-on modifier les paroles d'Allah ?<\/a><\/strong><\/h3>\n\n\n\n<p class=\"has-text-align-center wp-block-paragraph\">Le Coran affirme sans \u00e9quivoque, \u00e0 plusieurs reprises, que personne ne peut alt\u00e9rer ou changer les paroles d'Allah et qu'Allah lui-m\u00eame pr\u00e9serve et prot\u00e8ge ses paroles. Cette affirmation est r\u00e9p\u00e9t\u00e9e dans plusieurs sourates, soulignant la protection divine sur le texte r\u00e9v\u00e9l\u00e9.<\/p>\n<\/div>\n\n\n\n<div class=\"wp-block-column is-layout-flow wp-block-column-is-layout-flow\">\n<h3 class=\"wp-block-heading has-text-align-center has-medium-font-size\"><a href=\"https:\/\/wordpress.com\/post\/alhaqiqa3.wordpress.com\/209\">Examen de la perfection du Coran<\/a><\/h3>\n\n\n\n<p class=\"has-text-align-center wp-block-paragraph\">L'une des principales objections soulev\u00e9es par les musulmans \u00e0 l'encontre du christianisme est la croyance selon laquelle la Bible a \u00e9t\u00e9 alt\u00e9r\u00e9e et corrompue au fil du temps, alors que le Coran, dans sa version arabe originale, reste les paroles exactes d\u00e9livr\u00e9es \u00e0 Mahomet il y a quatorze si\u00e8cles. Cette croyance m\u00e9rite un examen approfondi et impartial pour en \u00e9valuer la validit\u00e9.<\/p>\n<\/div>\n\n\n\n<div class=\"wp-block-column is-layout-flow wp-block-column-is-layout-flow\">\n<h3 class=\"wp-block-heading has-text-align-center has-medium-font-size\"><a href=\"https:\/\/wordpress.com\/post\/alhaqiqa3.wordpress.com\/212\">Les proph\u00e9ties de Muhammad dans les \u00c9critures pr\u00e9c\u00e9dentes<\/a><\/h3>\n\n\n\n<p class=\"wp-block-paragraph\">Le Coran affirme que l'av\u00e8nement de Muhammad a \u00e9t\u00e9 pr\u00e9dit dans des textes ant\u00e9rieurs, soulignant ainsi la continuit\u00e9 de la tradition proph\u00e9tique. La sourate Al-Araf 7:157 stipule : \"Ceux qui suivent le Messager, le Proph\u00e8te sans instruction, qu'ils trouvent \u00e9crit dans ce qu'ils poss\u00e8dent de la Torah et de l'\u00c9vangile...<\/p>\n<\/div>\n<\/div>\n\n\n\n<div style=\"height:calc( 0.25 * var(--wp--style--root--padding-right, var(--wp--custom--gap--horizontal)))\" aria-hidden=\"true\" class=\"wp-block-spacer\"><\/div>\n<\/div><\/div>\n\n\n\n<div class=\"wp-block-group alignfull is-content-justification-center\" style=\"margin-top:0;margin-bottom:0;padding-top:calc( 0.5 * var(--wp--style--root--padding-right, var(--wp--custom--gap--horizontal)));padding-right:var(--wp--style--root--padding-right, var(--wp--custom--gap--horizontal));padding-bottom:calc( 0.5 * var(--wp--style--root--padding-right, var(--wp--custom--gap--horizontal)));padding-left:var(--wp--style--root--padding-left, var(--wp--custom--gap--horizontal))\"><div class=\"wp-block-group__inner-container is-layout-constrained wp-container-core-group-is-layout-81aa85af wp-block-group-is-layout-constrained\">\n<div style=\"height:calc( 0.25 * var(--wp--style--root--padding-right, var(--wp--custom--gap--horizontal)))\" aria-hidden=\"true\" class=\"wp-block-spacer\"><\/div>\n\n\n\n<div class=\"wp-block-columns alignwide is-layout-flex wp-container-core-columns-is-layout-d4896c81 wp-block-columns-is-layout-flex\">\n<div class=\"wp-block-column is-layout-flow wp-block-column-is-layout-flow\">\n<h3 class=\"wp-block-heading has-text-align-center has-medium-font-size\"><strong><a href=\"https:\/\/al-haqiqa.com\/fr\/2024\/06\/07\/the-mode-of-inspiration-in-the-quran\/\" data-type=\"post\" data-id=\"389\">Le mode d'inspiration du Coran<\/a><\/strong><\/h3>\n\n\n\n<p class=\"has-text-align-center wp-block-paragraph\">Le concept d'inspiration dans le Coran est fondamentalement compris comme une dict\u00e9e divine. Le Coran, compos\u00e9 de 114 sourates, repr\u00e9sente des unit\u00e9s distinctes de communication divine, cens\u00e9es avoir \u00e9t\u00e9 \"envoy\u00e9es\" par Allah au proph\u00e8te de l'islam, Mahomet.<\/p>\n<\/div>\n\n\n\n<div class=\"wp-block-column is-layout-flow wp-block-column-is-layout-flow\">\n<h3 class=\"wp-block-heading has-text-align-center has-medium-font-size\"><strong><a href=\"https:\/\/al-haqiqa.com\/fr\/2024\/06\/07\/la-compilation-et-la-conservation-du-coran\/\" data-type=\"post\" data-id=\"394\">La compilation et la pr\u00e9servation du Coran<\/a><\/strong><\/h3>\n\n\n\n<p class=\"has-text-align-center wp-block-paragraph\">Le Coran est consid\u00e9r\u00e9 comme la r\u00e9v\u00e9lation finale et la plus importante de l'Islam. Il est essentiel de comprendre comment il a \u00e9t\u00e9 compil\u00e9 et pr\u00e9serv\u00e9 pour \u00e9valuer son int\u00e9grit\u00e9 historique. Examinons le processus historique par lequel le Coran a \u00e9t\u00e9 compil\u00e9 et les preuves de sa coh\u00e9rence textuelle.<\/p>\n<\/div>\n\n\n\n<div class=\"wp-block-column is-layout-flow wp-block-column-is-layout-flow\">\n<h3 class=\"wp-block-heading has-text-align-center has-medium-font-size\"><strong><a href=\"https:\/\/al-haqiqa.com\/fr\/2024\/06\/07\/les-differentes-lectures-qiraat-du-coran\/\" data-type=\"post\" data-id=\"397\">Les diff\u00e9rentes lectures (Qira'at) du Coran<\/a><\/strong><\/h3>\n\n\n\n<p class=\"wp-block-paragraph\">Le Coran, consid\u00e9r\u00e9 par les musulmans comme la parole verbale de Dieu r\u00e9v\u00e9l\u00e9e au proph\u00e8te de l'islam, Mahomet, est un texte d'une immense importance religieuse et culturelle. L'id\u00e9e que le Coran a \u00e9t\u00e9 pr\u00e9serv\u00e9 dans sa forme originale, sans alt\u00e9ration, est au c\u0153ur de la croyance islamique.\u00a0<\/p>\n<\/div>\n<\/div>\n\n\n\n<div style=\"height:calc( 0.25 * var(--wp--style--root--padding-right, var(--wp--custom--gap--horizontal)))\" aria-hidden=\"true\" class=\"wp-block-spacer\"><\/div>\n<\/div><\/div>\n\n\n\n<p class=\"wp-block-paragraph\"><\/p>","protected":false},"excerpt":{"rendered":"<p>Muslims revere the Qur\u2019an as the final revelation from Allah, delivered through the Prophet Muhammad. This section critically examines the Qur&#8217;an&#8217;s origins, compilation, and textual integrity. We address common questions about its historical context, sources, and claims of its divine origin. We aim to provide a balanced and scholarly perspective on the Qur\u2019an, highlighting areas<a class=\"more-link\" href=\"https:\/\/al-haqiqa.com\/fr\/the-truth-about-the-quran\/\">Lire la suite <span class=\"screen-reader-text\">&#8220;The Truth About the Qur&#8217;an&#8221;<\/span><\/a><\/p>","protected":false},"author":236231845,"featured_media":0,"parent":0,"menu_order":0,"comment_status":"open","ping_status":"closed","template":"","meta":{"_crdt_document":"","_monsterinsights_skip_tracking":false,"_monsterinsights_sitenote_active":false,"_monsterinsights_sitenote_note":"","_monsterinsights_sitenote_category":0,"_uf_show_specific_survey":0,"_uf_disable_surveys":false,"advanced_seo_description":"","jetpack_seo_html_title":"","jetpack_seo_noindex":false,"jetpack_post_was_ever_published":false,"footnotes":""},"class_list":["post-77","page","type-page","status-publish","hentry","entry"],"jetpack_likes_enabled":true,"jetpack_sharing_enabled":true,"jetpack_shortlink":"https:\/\/wp.me\/PeSSf1-1f","jetpack-related-posts":[],"_links":{"self":[{"href":"https:\/\/al-haqiqa.com\/fr\/wp-json\/wp\/v2\/pages\/77","targetHints":{"allow":["GET"]}}],"collection":[{"href":"https:\/\/al-haqiqa.com\/fr\/wp-json\/wp\/v2\/pages"}],"about":[{"href":"https:\/\/al-haqiqa.com\/fr\/wp-json\/wp\/v2\/types\/page"}],"author":[{"embeddable":true,"href":"https:\/\/al-haqiqa.com\/fr\/wp-json\/wp\/v2\/users\/236231845"}],"replies":[{"embeddable":true,"href":"https:\/\/al-haqiqa.com\/fr\/wp-json\/wp\/v2\/comments?post=77"}],"version-history":[{"count":19,"href":"https:\/\/al-haqiqa.com\/fr\/wp-json\/wp\/v2\/pages\/77\/revisions"}],"predecessor-version":[{"id":399,"href":"https:\/\/al-haqiqa.com\/fr\/wp-json\/wp\/v2\/pages\/77\/revisions\/399"}],"wp:attachment":[{"href":"https:\/\/al-haqiqa.com\/fr\/wp-json\/wp\/v2\/media?parent=77"}],"curies":[{"name":"wp","href":"https:\/\/api.w.org\/{rel}","templated":true}]}}